{"id":4,"date":"2019-06-20T16:29:20","date_gmt":"2019-06-20T16:29:20","guid":{"rendered":"https:\/\/muhn-services.com\/?p=4"},"modified":"2024-07-27T10:21:34","modified_gmt":"2024-07-27T10:21:34","slug":"home","status":"publish","type":"page","link":"https:\/\/muhn-services.com\/","title":{"rendered":"Home"},"content":{"rendered":"<h1><span data-sheets-value=\"{&quot;1&quot;:2,&quot;2&quot;:&quot;Unsere Pr\u00fcfdienstleistung bietet Ihnen eine Partnerschaft f\u00fcr die Betriebssicherheit.&quot;}\" data-sheets-userformat=\"{&quot;2&quot;:30913,&quot;3&quot;:{&quot;1&quot;:0,&quot;3&quot;:1},&quot;9&quot;:1,&quot;10&quot;:1,&quot;14&quot;:{&quot;1&quot;:3,&quot;3&quot;:1},&quot;15&quot;:&quot;Calibri&quot;,&quot;16&quot;:11,&quot;17&quot;:1}\">Unsere Pr\u00fcfdienstleistung bietet Ihnen eine Partnerschaft f\u00fcr die Betriebssicherheit.<\/span><\/h1>\n<div>\n<div>\n<p><strong>Hinweis:<\/strong><\/p>\n<p>Sehr geehrte Firmen und Kunden,<\/p>\n<p>die letzten beiden Monate waren turbulent und ereignisreich. Wir sind in ein neues gr\u00f6\u00dferes B\u00fcro gezogen. Nun ist der gr\u00f6\u00dfte Umzugsstress vorbei und wir nehmen die Arbeit in den neuen R\u00e4umen auf.<\/p>\n<p>Unsere neuen Kontaktdaten:<\/p>\n<p>MUHN Services GmbH, Schillerstra\u00dfe 28, 63667 Nidda, Telefon: 06043-802284<\/p>\n<p>Auf gute Zusammenarbeit und den gemeinsamen Erfolg! Ihr MUHN-Services Team.\u00a0<\/p>\n<p><strong>Unsere Homepage befindet sich aktuell in Bearbeitung.<\/strong><br \/><strong>Wir bitten dies zu entschuldigen.<\/strong><\/p>\n<\/div>\n<\/div>\n<h2><span data-sheets-value=\"{&quot;1&quot;:2,&quot;2&quot;:&quot;Warum pr\u00fcfen? Durch die regelm\u00e4\u00dfige Pr\u00fcfung der elektrischen Betriebsmittel und Anlagen sch\u00fctzen Sie Ihre Angestellten und die Sachwerte in Ihrem Unternehmen. \\nWartungsempfehlungen f\u00fchren zur Verbesserung Ihrer Arbeitsabl\u00e4ufe. &quot;}\" data-sheets-userformat=\"{&quot;2&quot;:31169,&quot;3&quot;:{&quot;1&quot;:0,&quot;3&quot;:1},&quot;9&quot;:1,&quot;10&quot;:1,&quot;11&quot;:4,&quot;14&quot;:{&quot;1&quot;:3,&quot;3&quot;:1},&quot;15&quot;:&quot;Calibri&quot;,&quot;16&quot;:11,&quot;17&quot;:1}\">Warum pr\u00fcfen?<\/span><\/h2>\n<div>\n<h4><span data-sheets-value=\"{&quot;1&quot;:2,&quot;2&quot;:&quot;Warum pr\u00fcfen? Durch die regelm\u00e4\u00dfige Pr\u00fcfung der elektrischen Betriebsmittel und Anlagen sch\u00fctzen Sie Ihre Angestellten und die Sachwerte in Ihrem Unternehmen. \\nWartungsempfehlungen f\u00fchren zur Verbesserung Ihrer Arbeitsabl\u00e4ufe. &quot;}\" data-sheets-userformat=\"{&quot;2&quot;:31169,&quot;3&quot;:{&quot;1&quot;:0,&quot;3&quot;:1},&quot;9&quot;:1,&quot;10&quot;:1,&quot;11&quot;:4,&quot;14&quot;:{&quot;1&quot;:3,&quot;3&quot;:1},&quot;15&quot;:&quot;Calibri&quot;,&quot;16&quot;:11,&quot;17&quot;:1}\">Durch die regelm\u00e4\u00dfige Pr\u00fcfung der elektrischen Betriebsmittel und Anlagen sch\u00fctzen Sie Ihre Angestellten und die Sachwerte in Ihrem Unternehmen.<\/p>\n<p>Wartungsempfehlungen f\u00fchren zur Verbesserung Ihrer Arbeitsabl\u00e4ufe.<br \/><\/span><\/h4>\n<\/div>\n<div><span data-sheets-value=\"{&quot;1&quot;:2,&quot;2&quot;:&quot;Warum pr\u00fcfen? Durch die regelm\u00e4\u00dfige Pr\u00fcfung der elektrischen Betriebsmittel und Anlagen sch\u00fctzen Sie Ihre Angestellten und die Sachwerte in Ihrem Unternehmen. \\nWartungsempfehlungen f\u00fchren zur Verbesserung Ihrer Arbeitsabl\u00e4ufe. &quot;}\" data-sheets-userformat=\"{&quot;2&quot;:31169,&quot;3&quot;:{&quot;1&quot;:0,&quot;3&quot;:1},&quot;9&quot;:1,&quot;10&quot;:1,&quot;11&quot;:4,&quot;14&quot;:{&quot;1&quot;:3,&quot;3&quot;:1},&quot;15&quot;:&quot;Calibri&quot;,&quot;16&quot;:11,&quot;17&quot;:1}\">Die wiederkehrende Pr\u00fcfung von Betriebs- und Arbeitsmitteln, entsprechend den aktuellen Normen und g\u00fcltigen Gesetzen, ist nach ArbSchG, BetrSichV \u00a714, TRBS 1201 und DGUV-V3 + V4 f\u00fcr jedes Unternehmen vorgeschrieben.<\/span><\/div>\n<div><span data-sheets-value=\"{&quot;1&quot;:2,&quot;2&quot;:&quot;Unsere Unternehmensphilosophie? \\nH\u00f6chste Qualit\u00e4t unserer Dienstleistungen und die Zufriedenheit all unserer Gesch\u00e4ftspartner.&quot;}\" data-sheets-userformat=\"{&quot;2&quot;:31169,&quot;3&quot;:{&quot;1&quot;:0,&quot;3&quot;:1},&quot;9&quot;:1,&quot;10&quot;:1,&quot;11&quot;:4,&quot;14&quot;:{&quot;1&quot;:3,&quot;3&quot;:1},&quot;15&quot;:&quot;Calibri&quot;,&quot;16&quot;:11,&quot;17&quot;:1}\">Unsere Unternehmensphilosophie?<\/span><\/div>\n<div><span data-sheets-value=\"{&quot;1&quot;:2,&quot;2&quot;:&quot;Anforderung \u00e4ndern sich in unserer schnelllebigen Zeit fast t\u00e4glich. Das gilt f\u00fcr jedes Unternehmen im t\u00e4glichen Prozess genauso wie die damit wechselnden Anforderungen Ihrer Betriebssicherheit. Als Partner bieten wir unseren Kunden die individuellen L\u00f6sungen, die Sie f\u00fcr Ihre unterschiedlichen Sicherheitsanspr\u00fcche ben\u00f6tigen.\\n&quot;}\" data-sheets-userformat=\"{&quot;2&quot;:14785,&quot;3&quot;:{&quot;1&quot;:0,&quot;3&quot;:1},&quot;9&quot;:1,&quot;10&quot;:1,&quot;11&quot;:4,&quot;14&quot;:{&quot;1&quot;:3,&quot;3&quot;:1},&quot;15&quot;:&quot;Calibri&quot;,&quot;16&quot;:11}\">H\u00f6chste Qualit\u00e4t unserer Dienstleistungen und die Zufriedenheit all unserer Gesch\u00e4ftspartner.<\/span><\/div>\n<div><span data-sheets-value=\"{&quot;1&quot;:2,&quot;2&quot;:&quot;Warum pr\u00fcfen? Durch die regelm\u00e4\u00dfige Pr\u00fcfung der elektrischen Betriebsmittel und Anlagen sch\u00fctzen Sie Ihre Angestellten und die Sachwerte in Ihrem Unternehmen. \\nWartungsempfehlungen f\u00fchren zur Verbesserung Ihrer Arbeitsabl\u00e4ufe. &quot;}\" data-sheets-userformat=\"{&quot;2&quot;:31169,&quot;3&quot;:{&quot;1&quot;:0,&quot;3&quot;:1},&quot;9&quot;:1,&quot;10&quot;:1,&quot;11&quot;:4,&quot;14&quot;:{&quot;1&quot;:3,&quot;3&quot;:1},&quot;15&quot;:&quot;Calibri&quot;,&quot;16&quot;:11,&quot;17&quot;:1}\">Nicht nur die von uns verwendete Technik und die Materialien, sondern auch die gemeinsame Arbeit mit unseren Kunden und Lieferanten spiegeln diese Mentalit\u00e4t wieder.<br \/><\/span><\/div>\n<div><span data-sheets-value=\"{&quot;1&quot;:2,&quot;2&quot;:&quot;Warum pr\u00fcfen? Durch die regelm\u00e4\u00dfige Pr\u00fcfung der elektrischen Betriebsmittel und Anlagen sch\u00fctzen Sie Ihre Angestellten und die Sachwerte in Ihrem Unternehmen. \\nWartungsempfehlungen f\u00fchren zur Verbesserung Ihrer Arbeitsabl\u00e4ufe. &quot;}\" data-sheets-userformat=\"{&quot;2&quot;:31169,&quot;3&quot;:{&quot;1&quot;:0,&quot;3&quot;:1},&quot;9&quot;:1,&quot;10&quot;:1,&quot;11&quot;:4,&quot;14&quot;:{&quot;1&quot;:3,&quot;3&quot;:1},&quot;15&quot;:&quot;Calibri&quot;,&quot;16&quot;:11,&quot;17&quot;:1}\">Anforderung \u00e4ndern sich in unserer schnelllebigen Zeit fast t\u00e4glich. Das gilt f\u00fcr jedes Unternehmen im t\u00e4glichen Prozess genauso wie die damit wechselnden Anforderungen Ihrer Betriebssicherheit. Als Partner bieten wir unseren Kunden die individuellen L\u00f6sungen, die Sie f\u00fcr Ihre unterschiedlichen Sicherheitsanspr\u00fcche ben\u00f6tigen.<br \/><\/span><\/div>\n<div><span data-sheets-value=\"{&quot;1&quot;:2,&quot;2&quot;:&quot;Wir unterst\u00fctzen Sie bei der Umsetzung der Pr\u00fcfungen, entsprechend den aktuell g\u00fcltigen Normen und Gesetzen.&quot;}\" data-sheets-userformat=\"{&quot;2&quot;:14785,&quot;3&quot;:{&quot;1&quot;:0,&quot;3&quot;:1},&quot;9&quot;:1,&quot;10&quot;:0,&quot;11&quot;:4,&quot;14&quot;:{&quot;1&quot;:3,&quot;3&quot;:1},&quot;15&quot;:&quot;Calibri&quot;,&quot;16&quot;:11}\">Wir unterst\u00fctzen Sie bei der Umsetzung der Pr\u00fcfungen, entsprechend den aktuell g\u00fcltigen Normen und Gesetzen.<\/span><\/div>\n<div>Willkommen bei<\/div>\n<div>\n<p><span style=\"font-weight: 400;\">Mit der Pr\u00fcfdienstleistung f\u00fcr elektrische Arbeitsmittel und Anlagen, sowie gemeinsamen 16 Jahren an Erfahrung in diesem Bereich, wurde die MUHN Services GmbH im ersten Quartal 2022 gegr\u00fcndet.<\/span><\/p>\n<p><span style=\"font-weight: 400;\">Die gesetzlich geforderte Pr\u00fcfung durch die Betriebssicherheitsverordnung f\u00fcr Unternehmen in Deutschland ist unser Kerngesch\u00e4ft.<\/span><\/p>\n<p><span style=\"font-weight: 400;\">Wir unterst\u00fctzen Unternehmen nicht nur durch die Umsetzung der Pr\u00fcfung unter Einhaltung der aktuellen gesetzlichen und normativen Vorgaben, sondern beraten unsere Kunden auch um Ihnen dabei zu helfen Ausfallzeiten, Wartungs- und Instandhaltungskosten reduzieren zu k\u00f6nnen.<\/span><\/p>\n<p><span style=\"font-weight: 400;\">Die Anforderungen \u00e4ndern sich in unserer schnelllebigen Zeit fast t\u00e4glich. Das gilt f\u00fcr jedes Unternehmen im t\u00e4glichen Prozess sowie f\u00fcr die Betriebssicherheit.\u00a0<\/span><\/p>\n<p><span style=\"font-weight: 400;\">Als langfristiger strategischer Partner bieten wir unseren Kunden die individuellen L\u00f6sungen, die Sie f\u00fcr Ihre unterschiedlichen Sicherheitsanspr\u00fcche ben\u00f6tigen.\u00a0<\/span><\/p>\n<p><span style=\"font-weight: 400;\">Wir informieren proaktiv \u00fcber anstehende \u00c4nderungen, um Ihnen die M\u00f6glichkeit zu bieten diese bei Ihren Planungen ber\u00fccksichtigen zu k\u00f6nnen.<\/span><\/p>\n<p><span style=\"font-weight: 400;\">Ein hoher Qualit\u00e4tsstandard ist f\u00fcr uns ebenso wichtig wie die Zufriedenheit unserer Gesch\u00e4ftspartner. Dies spiegelt sich nicht nur in unserer verwendeten Technik und den Materialien, sondern auch in der gemeinsamen Arbeit mit unseren Kunden und Lieferanten wieder.<\/span><\/p>\n<\/div>\n<p><!--more--><br \/>\n<!-- {\"name\":\"Seite-Home\",\"type\":\"layout\",\"children\":[{\"type\":\"section\",\"props\":{\"style\":\"primary\",\"width\":\"default\",\"vertical_align\":\"middle\",\"title_position\":\"top-left\",\"title_rotation\":\"left\",\"title_breakpoint\":\"xl\",\"image_position\":\"center-center\",\"image\":\"wp-content\\\/uploads\\\/Hauptseite-scaled.jpg\",\"height\":\"percent\",\"media_overlay\":\"rgba(204, 0, 0, 0.3)\"},\"children\":[{\"type\":\"row\",\"children\":[{\"type\":\"column\",\"props\":{\"position_sticky_breakpoint\":\"m\",\"image_position\":\"center-center\",\"media_overlay_gradient\":\"\"},\"children\":[{\"name\":\"\",\"type\":\"headline\",\"props\":{\"title_element\":\"h1\",\"content\":\"<span data-sheets-value=\\\"{&quot;1&quot;:2,&quot;2&quot;:&quot;Unsere Pr\\u00fcfdienstleistung bietet Ihnen eine Partnerschaft f\\u00fcr die Betriebssicherheit.&quot;}\\\" data-sheets-userformat=\\\"{&quot;2&quot;:30913,&quot;3&quot;:{&quot;1&quot;:0,&quot;3&quot;:1},&quot;9&quot;:1,&quot;10&quot;:1,&quot;14&quot;:{&quot;1&quot;:3,&quot;3&quot;:1},&quot;15&quot;:&quot;Calibri&quot;,&quot;16&quot;:11,&quot;17&quot;:1}\\\">Unsere Pr\\u00fcfdienstleistung bietet Ihnen eine Partnerschaft f\\u00fcr die Betriebssicherheit.<\\\/span>\",\"text_align\":\"center\",\"text_align_breakpoint\":\"m\",\"text_align_fallback\":\"center\",\"margin_remove_top\":false,\"block_align\":\"center\",\"title_style\":\"heading-small\"}},{\"type\":\"alert\",\"props\":{\"title_element\":\"h3\",\"content\":\"\n\n<p><strong>Hinweis:<\\\/strong><\\\/p>\\n\n\n<p>Sehr geehrte Firmen und Kunden,<\\\/p>\\n\n\n<p>die letzten beiden Monate waren turbulent und ereignisreich. Wir sind in ein neues gr\\u00f6\\u00dferes B\\u00fcro gezogen. Nun ist der gr\\u00f6\\u00dfte Umzugsstress vorbei und wir nehmen die Arbeit in den neuen R\\u00e4umen auf.<\\\/p>\\n\n\n<p>Unsere neuen Kontaktdaten:<\\\/p>\\n\n\n<p>MUHN Services GmbH, Schillerstra\\u00dfe 28, 63667 Nidda, Telefon: 06043-802284<\\\/p>\\n\n\n<p>Auf gute Zusammenarbeit und den gemeinsamen Erfolg! Ihr MUHN-Services Team.\\u00a0<\\\/p>\\n\n\n<p><strong>Unsere Homepage befindet sich aktuell in Bearbeitung.<\\\/strong><br \\\/><strong>Wir bitten dies zu entschuldigen.<\\\/strong><\\\/p>\"}}]}]}]},{\"type\":\"section\",\"props\":{\"style\":\"primary\",\"width\":\"default\",\"vertical_align\":\"middle\",\"title_position\":\"top-left\",\"title_rotation\":\"left\",\"title_breakpoint\":\"xl\",\"image_position\":\"center-center\",\"padding\":\"xsmall\"},\"children\":[{\"type\":\"row\",\"children\":[{\"type\":\"column\",\"props\":{\"position_sticky_breakpoint\":\"m\",\"image_position\":\"center-center\",\"media_overlay_gradient\":\"\"},\"children\":[]}]}]},{\"type\":\"section\",\"props\":{\"style\":\"default\",\"width\":\"default\",\"vertical_align\":\"middle\",\"title_position\":\"top-left\",\"title_rotation\":\"left\",\"title_breakpoint\":\"xl\",\"image_position\":\"center-center\",\"padding\":\"large\",\"padding_remove_top\":false},\"children\":[{\"type\":\"row\",\"props\":{\"layout\":\"1-2,1-2\"},\"children\":[{\"type\":\"column\",\"props\":{\"position_sticky_breakpoint\":\"m\",\"image_position\":\"center-center\",\"media_overlay_gradient\":\"\",\"width_medium\":\"1-2\"},\"children\":[]},{\"type\":\"column\",\"props\":{\"position_sticky_breakpoint\":\"m\",\"image_position\":\"center-center\",\"media_overlay_gradient\":\"\",\"width_medium\":\"1-2\"},\"children\":[{\"name\":\"\",\"type\":\"headline\",\"props\":{\"title_element\":\"h2\",\"content\":\"<span data-sheets-value=\\\"{&quot;1&quot;:2,&quot;2&quot;:&quot;Warum pr\\u00fcfen? Durch die regelm\\u00e4\\u00dfige Pr\\u00fcfung der elektrischen Betriebsmittel und Anlagen sch\\u00fctzen Sie Ihre Angestellten und die Sachwerte in Ihrem Unternehmen. \\\\nWartungsempfehlungen f\\u00fchren zur Verbesserung Ihrer Arbeitsabl\\u00e4ufe. &quot;}\\\" data-sheets-userformat=\\\"{&quot;2&quot;:31169,&quot;3&quot;:{&quot;1&quot;:0,&quot;3&quot;:1},&quot;9&quot;:1,&quot;10&quot;:1,&quot;11&quot;:4,&quot;14&quot;:{&quot;1&quot;:3,&quot;3&quot;:1},&quot;15&quot;:&quot;Calibri&quot;,&quot;16&quot;:11,&quot;17&quot;:1}\\\">Warum pr\\u00fcfen?<\\\/span>\",\"text_align\":\"left\",\"text_align_breakpoint\":\"m\",\"text_align_fallback\":\"center\",\"margin_remove_top\":false,\"block_align\":\"center\",\"title_style\":\"h1\"}},{\"name\":\"\",\"type\":\"headline\",\"props\":{\"title_element\":\"div\",\"content\":\"\n\n<h4><span data-sheets-value=\\\"{&quot;1&quot;:2,&quot;2&quot;:&quot;Warum pr\\u00fcfen? Durch die regelm\\u00e4\\u00dfige Pr\\u00fcfung der elektrischen Betriebsmittel und Anlagen sch\\u00fctzen Sie Ihre Angestellten und die Sachwerte in Ihrem Unternehmen. \\\\nWartungsempfehlungen f\\u00fchren zur Verbesserung Ihrer Arbeitsabl\\u00e4ufe. &quot;}\\\" data-sheets-userformat=\\\"{&quot;2&quot;:31169,&quot;3&quot;:{&quot;1&quot;:0,&quot;3&quot;:1},&quot;9&quot;:1,&quot;10&quot;:1,&quot;11&quot;:4,&quot;14&quot;:{&quot;1&quot;:3,&quot;3&quot;:1},&quot;15&quot;:&quot;Calibri&quot;,&quot;16&quot;:11,&quot;17&quot;:1}\\\">Durch die regelm\\u00e4\\u00dfige Pr\\u00fcfung der elektrischen Betriebsmittel und Anlagen sch\\u00fctzen Sie Ihre Angestellten und die Sachwerte in Ihrem Unternehmen.<br \\\/><br \\\/>Wartungsempfehlungen f\\u00fchren zur Verbesserung Ihrer Arbeitsabl\\u00e4ufe.<br \\\/><\\\/span><\\\/h4>\",\"text_align\":\"left\",\"text_align_breakpoint\":\"m\",\"text_align_fallback\":\"center\",\"margin_remove_top\":false,\"block_align\":\"center\",\"title_style\":\"h3\"}},{\"name\":\"\",\"type\":\"headline\",\"props\":{\"title_element\":\"div\",\"content\":\"<span data-sheets-value=\\\"{&quot;1&quot;:2,&quot;2&quot;:&quot;Warum pr\\u00fcfen? Durch die regelm\\u00e4\\u00dfige Pr\\u00fcfung der elektrischen Betriebsmittel und Anlagen sch\\u00fctzen Sie Ihre Angestellten und die Sachwerte in Ihrem Unternehmen. \\\\nWartungsempfehlungen f\\u00fchren zur Verbesserung Ihrer Arbeitsabl\\u00e4ufe. &quot;}\\\" data-sheets-userformat=\\\"{&quot;2&quot;:31169,&quot;3&quot;:{&quot;1&quot;:0,&quot;3&quot;:1},&quot;9&quot;:1,&quot;10&quot;:1,&quot;11&quot;:4,&quot;14&quot;:{&quot;1&quot;:3,&quot;3&quot;:1},&quot;15&quot;:&quot;Calibri&quot;,&quot;16&quot;:11,&quot;17&quot;:1}\\\">Die wiederkehrende Pr\\u00fcfung von Betriebs- und Arbeitsmitteln, entsprechend den aktuellen Normen und g\\u00fcltigen Gesetzen, ist nach ArbSchG, BetrSichV \\u00a714, TRBS 1201 und DGUV-V3 + V4 f\\u00fcr jedes Unternehmen vorgeschrieben.<\\\/span>\",\"text_align\":\"left\",\"text_align_breakpoint\":\"m\",\"text_align_fallback\":\"center\",\"margin_remove_top\":false,\"block_align\":\"center\",\"title_style\":\"h4\"}}]}]}]},{\"type\":\"section\",\"props\":{\"style\":\"muted\",\"width\":\"default\",\"vertical_align\":\"middle\",\"title_position\":\"top-left\",\"title_rotation\":\"left\",\"title_breakpoint\":\"xl\",\"image_position\":\"center-center\"},\"children\":[{\"type\":\"row\",\"children\":[{\"type\":\"column\",\"props\":{\"position_sticky_breakpoint\":\"m\",\"image_position\":\"center-center\",\"media_overlay_gradient\":\"\"},\"children\":[{\"name\":\"\",\"type\":\"headline\",\"props\":{\"title_element\":\"div\",\"content\":\"<span data-sheets-value=\\\"{&quot;1&quot;:2,&quot;2&quot;:&quot;Unsere Unternehmensphilosophie? \\\\nH\\u00f6chste Qualit\\u00e4t unserer Dienstleistungen und die Zufriedenheit all unserer Gesch\\u00e4ftspartner.&quot;}\\\" data-sheets-userformat=\\\"{&quot;2&quot;:31169,&quot;3&quot;:{&quot;1&quot;:0,&quot;3&quot;:1},&quot;9&quot;:1,&quot;10&quot;:1,&quot;11&quot;:4,&quot;14&quot;:{&quot;1&quot;:3,&quot;3&quot;:1},&quot;15&quot;:&quot;Calibri&quot;,&quot;16&quot;:11,&quot;17&quot;:1}\\\">Unsere Unternehmensphilosophie?<\\\/span>\",\"text_align\":\"center\",\"text_align_breakpoint\":\"m\",\"text_align_fallback\":\"center\",\"margin_remove_top\":false,\"block_align\":\"center\",\"title_style\":\"h1\"}},{\"name\":\"\",\"type\":\"headline\",\"props\":{\"title_element\":\"div\",\"content\":\"<span data-sheets-value=\\\"{&quot;1&quot;:2,&quot;2&quot;:&quot;Anforderung \\u00e4ndern sich in unserer schnelllebigen Zeit fast t\\u00e4glich. Das gilt f\\u00fcr jedes Unternehmen im t\\u00e4glichen Prozess genauso wie die damit wechselnden Anforderungen Ihrer Betriebssicherheit. Als Partner bieten wir unseren Kunden die individuellen L\\u00f6sungen, die Sie f\\u00fcr Ihre unterschiedlichen Sicherheitsanspr\\u00fcche ben\\u00f6tigen.\\\\n&quot;}\\\" data-sheets-userformat=\\\"{&quot;2&quot;:14785,&quot;3&quot;:{&quot;1&quot;:0,&quot;3&quot;:1},&quot;9&quot;:1,&quot;10&quot;:1,&quot;11&quot;:4,&quot;14&quot;:{&quot;1&quot;:3,&quot;3&quot;:1},&quot;15&quot;:&quot;Calibri&quot;,&quot;16&quot;:11}\\\">H\\u00f6chste Qualit\\u00e4t unserer Dienstleistungen und die Zufriedenheit all unserer Gesch\\u00e4ftspartner.<\\\/span>\",\"text_align\":\"center\",\"text_align_breakpoint\":\"m\",\"text_align_fallback\":\"center\",\"margin_remove_top\":false,\"block_align\":\"center\",\"title_style\":\"h2\"}}]}]}]},{\"type\":\"section\",\"props\":{\"style\":\"default\",\"width\":\"default\",\"vertical_align\":\"middle\",\"title_position\":\"top-left\",\"title_rotation\":\"left\",\"title_breakpoint\":\"xl\",\"image_position\":\"center-center\"},\"children\":[{\"type\":\"row\",\"props\":{\"layout\":\"1-2,1-2\"},\"children\":[{\"type\":\"column\",\"props\":{\"position_sticky_breakpoint\":\"m\",\"image_position\":\"center-center\",\"media_overlay_gradient\":\"\",\"width_medium\":\"1-2\"},\"children\":[{\"name\":\"\",\"type\":\"headline\",\"props\":{\"title_element\":\"div\",\"content\":\"<span data-sheets-value=\\\"{&quot;1&quot;:2,&quot;2&quot;:&quot;Warum pr\\u00fcfen? Durch die regelm\\u00e4\\u00dfige Pr\\u00fcfung der elektrischen Betriebsmittel und Anlagen sch\\u00fctzen Sie Ihre Angestellten und die Sachwerte in Ihrem Unternehmen. \\\\nWartungsempfehlungen f\\u00fchren zur Verbesserung Ihrer Arbeitsabl\\u00e4ufe. &quot;}\\\" data-sheets-userformat=\\\"{&quot;2&quot;:31169,&quot;3&quot;:{&quot;1&quot;:0,&quot;3&quot;:1},&quot;9&quot;:1,&quot;10&quot;:1,&quot;11&quot;:4,&quot;14&quot;:{&quot;1&quot;:3,&quot;3&quot;:1},&quot;15&quot;:&quot;Calibri&quot;,&quot;16&quot;:11,&quot;17&quot;:1}\\\">Nicht nur die von uns verwendete Technik und die Materialien, sondern auch die gemeinsame Arbeit mit unseren Kunden und Lieferanten spiegeln diese Mentalit\\u00e4t wieder.<br \\\/><\\\/span>\",\"text_align\":\"left\",\"text_align_breakpoint\":\"m\",\"text_align_fallback\":\"center\",\"margin_remove_top\":false,\"block_align\":\"center\",\"title_style\":\"h4\"}},{\"name\":\"\",\"type\":\"headline\",\"props\":{\"title_element\":\"div\",\"content\":\"<span data-sheets-value=\\\"{&quot;1&quot;:2,&quot;2&quot;:&quot;Warum pr\\u00fcfen? Durch die regelm\\u00e4\\u00dfige Pr\\u00fcfung der elektrischen Betriebsmittel und Anlagen sch\\u00fctzen Sie Ihre Angestellten und die Sachwerte in Ihrem Unternehmen. \\\\nWartungsempfehlungen f\\u00fchren zur Verbesserung Ihrer Arbeitsabl\\u00e4ufe. &quot;}\\\" data-sheets-userformat=\\\"{&quot;2&quot;:31169,&quot;3&quot;:{&quot;1&quot;:0,&quot;3&quot;:1},&quot;9&quot;:1,&quot;10&quot;:1,&quot;11&quot;:4,&quot;14&quot;:{&quot;1&quot;:3,&quot;3&quot;:1},&quot;15&quot;:&quot;Calibri&quot;,&quot;16&quot;:11,&quot;17&quot;:1}\\\">Anforderung \\u00e4ndern sich in unserer schnelllebigen Zeit fast t\\u00e4glich. Das gilt f\\u00fcr jedes Unternehmen im t\\u00e4glichen Prozess genauso wie die damit wechselnden Anforderungen Ihrer Betriebssicherheit. Als Partner bieten wir unseren Kunden die individuellen L\\u00f6sungen, die Sie f\\u00fcr Ihre unterschiedlichen Sicherheitsanspr\\u00fcche ben\\u00f6tigen.<br \\\/><\\\/span>\",\"text_align\":\"left\",\"text_align_breakpoint\":\"m\",\"text_align_fallback\":\"center\",\"margin_remove_top\":false,\"block_align\":\"center\",\"title_style\":\"h4\"}}]},{\"type\":\"column\",\"props\":{\"position_sticky_breakpoint\":\"m\",\"image_position\":\"center-center\",\"media_overlay_gradient\":\"\",\"width_medium\":\"1-2\"},\"children\":[]}]}]},{\"type\":\"section\",\"props\":{\"style\":\"primary\",\"width\":\"default\",\"vertical_align\":\"middle\",\"title_position\":\"top-left\",\"title_rotation\":\"left\",\"title_breakpoint\":\"xl\",\"image_position\":\"center-center\",\"padding_remove_bottom\":false},\"children\":[{\"type\":\"row\",\"children\":[{\"type\":\"column\",\"props\":{\"position_sticky_breakpoint\":\"m\",\"image_position\":\"center-center\",\"media_overlay_gradient\":\"\"},\"children\":[{\"name\":\"\",\"type\":\"headline\",\"props\":{\"title_element\":\"div\",\"content\":\"<span data-sheets-value=\\\"{&quot;1&quot;:2,&quot;2&quot;:&quot;Wir unterst\\u00fctzen Sie bei der Umsetzung der Pr\\u00fcfungen, entsprechend den aktuell g\\u00fcltigen Normen und Gesetzen.&quot;}\\\" data-sheets-userformat=\\\"{&quot;2&quot;:14785,&quot;3&quot;:{&quot;1&quot;:0,&quot;3&quot;:1},&quot;9&quot;:1,&quot;10&quot;:0,&quot;11&quot;:4,&quot;14&quot;:{&quot;1&quot;:3,&quot;3&quot;:1},&quot;15&quot;:&quot;Calibri&quot;,&quot;16&quot;:11}\\\">Wir unterst\\u00fctzen Sie bei der Umsetzung der Pr\\u00fcfungen, entsprechend den aktuell g\\u00fcltigen Normen und Gesetzen.<\\\/span>\",\"text_align\":\"center\",\"text_align_breakpoint\":\"m\",\"text_align_fallback\":\"center\",\"margin_remove_top\":false,\"block_align\":\"center\",\"title_style\":\"h1\"}}]}]}]},{\"type\":\"section\",\"props\":{\"style\":\"default\",\"width\":\"default\",\"vertical_align\":\"middle\",\"title_position\":\"top-left\",\"title_rotation\":\"left\",\"title_breakpoint\":\"xl\",\"image_position\":\"center-center\",\"class\":\"uk-hidden\"},\"children\":[{\"type\":\"row\",\"children\":[{\"type\":\"column\",\"props\":{\"position_sticky_breakpoint\":\"m\",\"image_position\":\"center-center\",\"media_overlay_gradient\":\"\"},\"children\":[{\"name\":\"\",\"type\":\"headline\",\"props\":{\"title_element\":\"div\",\"content\":\"Willkommen bei\",\"title_style\":\"h6\",\"text_align\":\"left\",\"text_align_breakpoint\":\"m\",\"text_align_fallback\":\"center\",\"margin_remove_bottom\":false,\"title_color\":\"primary\"}},{\"name\":\"\",\"type\":\"text\",\"props\":{\"margin\":\"default\",\"content\":\"\n\n<p><span style=\\\"font-weight: 400;\\\">Mit der Pr\\u00fcfdienstleistung f\\u00fcr elektrische Arbeitsmittel und Anlagen, sowie gemeinsamen 16 Jahren an Erfahrung in diesem Bereich, wurde die MUHN Services GmbH im ersten Quartal 2022 gegr\\u00fcndet.<\\\/span><\\\/p>\\n\n\n<p><span style=\\\"font-weight: 400;\\\">Die gesetzlich geforderte Pr\\u00fcfung durch die Betriebssicherheitsverordnung f\\u00fcr Unternehmen in Deutschland ist unser Kerngesch\\u00e4ft.<\\\/span><\\\/p>\\n\n\n<p><span style=\\\"font-weight: 400;\\\">Wir unterst\\u00fctzen Unternehmen nicht nur durch die Umsetzung der Pr\\u00fcfung unter Einhaltung der aktuellen gesetzlichen und normativen Vorgaben, sondern beraten unsere Kunden auch um Ihnen dabei zu helfen Ausfallzeiten, Wartungs- und Instandhaltungskosten reduzieren zu k\\u00f6nnen.<\\\/span><\\\/p>\\n\n\n<p><span style=\\\"font-weight: 400;\\\">Die Anforderungen \\u00e4ndern sich in unserer schnelllebigen Zeit fast t\\u00e4glich. Das gilt f\\u00fcr jedes Unternehmen im t\\u00e4glichen Prozess sowie f\\u00fcr die Betriebssicherheit.\\u00a0<\\\/span><\\\/p>\\n\n\n<p><span style=\\\"font-weight: 400;\\\">Als langfristiger strategischer Partner bieten wir unseren Kunden die individuellen L\\u00f6sungen, die Sie f\\u00fcr Ihre unterschiedlichen Sicherheitsanspr\\u00fcche ben\\u00f6tigen.\\u00a0<\\\/span><\\\/p>\\n\n\n<p><span style=\\\"font-weight: 400;\\\">Wir informieren proaktiv \\u00fcber anstehende \\u00c4nderungen, um Ihnen die M\\u00f6glichkeit zu bieten diese bei Ihren Planungen ber\\u00fccksichtigen zu k\\u00f6nnen.<\\\/span><\\\/p>\\n\n\n<p><span style=\\\"font-weight: 400;\\\">Ein hoher Qualit\\u00e4tsstandard ist f\\u00fcr uns ebenso wichtig wie die Zufriedenheit unserer Gesch\\u00e4ftspartner. Dies spiegelt sich nicht nur in unserer verwendeten Technik und den Materialien, sondern auch in der gemeinsamen Arbeit mit unseren Kunden und Lieferanten wieder.<\\\/span><\\\/p>\",\"text_align\":\"left\",\"text_align_breakpoint\":\"m\",\"text_align_fallback\":\"center\",\"maxwidth\":\"xlarge\",\"column_breakpoint\":\"m\",\"block_align_breakpoint\":\"m\",\"block_align_fallback\":\"center\"}}]}]}]}],\"version\":\"2.7.22\"} --><\/p>\n","protected":false},"excerpt":{"rendered":"<p>Unsere Pr\u00fcfdienstleistung bietet Ihnen eine Partnerschaft f\u00fcr die Betriebssicherheit. Hinweis: Sehr geehrte Firmen und Kunden, die letzten beiden Monate waren turbulent und ereignisreich. Wir sind in ein neues gr\u00f6\u00dferes B\u00fcro gezogen. Nun ist der gr\u00f6\u00dfte Umzugsstress vorbei und wir nehmen die Arbeit in den neuen R\u00e4umen auf. Unsere neuen Kontaktdaten: MUHN Services GmbH, Schillerstra\u00dfe 28, [&hellip;]<\/p>\n","protected":false},"author":1,"featured_media":0,"parent":0,"menu_order":3,"comment_status":"open","ping_status":"open","template":"","meta":[],"acf":[],"_links":{"self":[{"href":"https:\/\/muhn-services.com\/index.php?rest_route=\/wp\/v2\/pages\/4"}],"collection":[{"href":"https:\/\/muhn-services.com\/index.php?rest_route=\/wp\/v2\/pages"}],"about":[{"href":"https:\/\/muhn-services.com\/index.php?rest_route=\/wp\/v2\/types\/page"}],"author":[{"embeddable":true,"href":"https:\/\/muhn-services.com\/index.php?rest_route=\/wp\/v2\/users\/1"}],"replies":[{"embeddable":true,"href":"https:\/\/muhn-services.com\/index.php?rest_route=%2Fwp%2Fv2%2Fcomments&post=4"}],"version-history":[{"count":23,"href":"https:\/\/muhn-services.com\/index.php?rest_route=\/wp\/v2\/pages\/4\/revisions"}],"predecessor-version":[{"id":1257,"href":"https:\/\/muhn-services.com\/index.php?rest_route=\/wp\/v2\/pages\/4\/revisions\/1257"}],"wp:attachment":[{"href":"https:\/\/muhn-services.com\/index.php?rest_route=%2Fwp%2Fv2%2Fmedia&parent=4"}],"curies":[{"name":"wp","href":"https:\/\/api.w.org\/{rel}","templated":true}]}}